{"id":2834,"date":"2015-06-26T04:54:07","date_gmt":"2015-06-26T02:54:07","guid":{"rendered":"http:\/\/ilcinemaritrovato.it\/?page_id=2834"},"modified":"2025-06-14T10:42:29","modified_gmt":"2025-06-14T08:42:29","slug":"staffcr","status":"publish","type":"page","link":"https:\/\/ilcinemaritrovato.it\/en\/staffcr\/","title":{"rendered":"Staff"},"content":{"rendered":"<p><strong>FONDAZIONE CINETECA DI BOLOGNA <\/strong><\/p>\n<p><strong>Presidente \/ <em>President<\/em>:<\/strong> Marco Bellocchio<br \/>\n<strong>Consiglio di amministrazione \/ <em>Board of Directors<\/em>:<\/strong> Davide Conte, Valerio De Paolis, Alina Marazzi, Alice Rohrwacher<br \/>\n<strong>Direttore \/ <em>Director<\/em>:<\/strong> Gian Luca Farinelli<br \/>\n<strong>Vice Direttore \/ <em>Deputy Director<\/em>: <\/strong>Davide Pietrantoni<br \/>\n<strong>Fondatori \/ <em>Founders <\/em><\/strong>Comune di Bologna (primo Fondatore) Regione Emilia-Romagna<br \/>\n<strong>Main Sponsor <\/strong>Gruppo Hera<\/p>\n<p><strong>\u00a0<\/strong><\/p>\n<p><strong>IL CINEMA RITROVATO 2025<\/strong><\/p>\n<p><strong>Direttori \/ <em>Directors <\/em><\/strong>Cecilia Cenciarelli, Gian Luca Farinelli, Ehsan Khoshbakht, Mariann Lewinsky<br \/>\n<strong>Comitato scientifico \/ <em>Artistic committee <\/em><\/strong>Richard Abel, Peter Bagrov, Peter Becker, Janet Bergstrom, Kevin Brownlow, Gian Piero Brunetta, Ian Christie, Lorenzo Codelli, Eric de Kuyper, Bryony Dixon, Shivendra Singh Dungarpur, Bernard Eisenschitz, Jean Gili, Alexander Horwath, Aki Kaurisma\u0308ki, Dave Kehr, Martin Koerber, Hiroshi Komatsu, Miguel Mari\u0301as, Nicola Mazzanti, Mark McElhatten, Olaf Mo\u0308ller, Alexander Payne, Chema Prado, Elif Rongen-Kaynakc\u0327i, Jonathan Rosenbaum, Thelma Schoonmaker, Martin Scorsese, Jon Wengstro\u0308m, Karl Wratschko<br \/>\n<strong>Comitato di programmazione \/ <em>Programming committee <\/em><\/strong>Guy Borle\u0301e, Roberto Chiesi, Anna Fiaccarini, Goffredo Fofi, Andrea Meneghelli, Paolo Mereghetti, Emiliano Morreale, Davide Pozzi, Elena Tammaccaro<br \/>\n<strong>Coordinatore del festival \/ <em>Festival coordinator <\/em><\/strong>Guy Borle\u0301e con l\u2019assistenza di \/ <em>with<\/em> Alessandro Criscitiello<br \/>\n<strong>Coordinamento direzione Cineteca di Bologna \/ <em>Executive office coordinator <\/em><\/strong>Rossana Mordini con l\u2019assistenza di \/ <em>with<\/em> Giulia Bonassi, Beatrice Lorenzini, Alessia Piccirillo<\/p>\n<p><strong>\u00a0<\/strong><\/p>\n<p><strong>OSPITALITA\u0300 \/ <em>HOSPITALITY <\/em><\/strong><\/p>\n<p><strong>Ufficio ospitalita\u0300 \/ <em>Guest office<\/em><\/strong>: Marcella Natale con l\u2019assistenza di \/ <em>with<\/em> Giorgia Caffagni, Bianca Maria Chiarot, Giulia Dal Lago, Clelia De Nigris<br \/>\n<strong>Responsabile autisti \/ <em>Drivers coordinator<\/em><\/strong>: Nina Fortuna, Vittorio Lauri, con l\u2019assistenza di \/ with Camilla Borgati, Giuseppe Catania, Alice Giulia Lanconelli, Ilaria Magri<br \/>\n<strong>Visite guidate \/ <em>Guided tours<\/em><\/strong>: Roberto Chiesi, Elena Correra, Anna Fiaccarini, Enrica Fontana, Rosaria Gioia, Michela Zegna.<br \/>\n<strong>Prenotazioni alberghiere \/ <em>Hotel reservations<\/em><\/strong>: Bologna Welcome<br \/>\n<strong>Prenotazioni on-line \/ <em>Online booking<\/em><\/strong>: Vivaticket<\/p>\n<p>&nbsp;<\/p>\n<p><strong>COMUNICAZIONE E PROMOZIONE \/ <em>PROMOTION AND COMMUNICATION <\/em><\/strong><\/p>\n<p><em><strong>Promozione \/ Promotion<\/strong><\/em>: Sara Rognoni in collaborazione con Alice Marzocchi<br \/>\n<strong>Ufficio stampa \/ <em>Press office<\/em><\/strong>: Andrea Ravagnan<br \/>\n<strong>Social media e siti web \/ <em>Social media and websites<\/em><\/strong>:\u00a0Matteo Lollini con l\u2019assistenza di \/ <i>with <\/i>Glesni Trefor Williams e Mariateresa Musca<br \/>\n<strong>Ufficio editoriale \/ <em>Publishing department<\/em><\/strong>: Alice Autelitano, Alessandro Cavazza, Gianluca De Santis con l\u2019assistenza di \/ <i>with <\/i>Lorenzo Sascor<br \/>\n<strong>Redazione del programma \/ <em>Festival programme edited by<\/em><\/strong>: Nina Fortuna, Enrica Fontana<br \/>\n<strong>Grafica e postproduzione immagini \/ <em>Graphic design and image post production<\/em><\/strong>: Mattia Di Leva, Elena Nannetti, Elia Tiberia, Davide Zomer<br \/>\n<strong>Festival trailer<\/strong>: Stefano Lorusso<br \/>\n<strong>Fotografi \/ <em>Photographers<\/em><\/strong>: Lorenzo Burlando, Margherita Caprilli<br \/>\n<strong>Documentazione video \/ <em>Video production<\/em><\/strong>: 1Cinquantesimo (Elia Andreotti, Margherita Caprilli)<br \/>\n<strong>Cinefilia Ritrovata<\/strong>: blog a cura di \/ <em>blog curated by <\/em>Roy Menarini<br \/>\n<strong>Website: <\/strong>Craq Design Studio<\/p>\n<p><strong>\u00a0<\/strong><\/p>\n<p><strong>RICERCA FILM \/ <em>FILM RESEARCH <\/em><\/strong><\/p>\n<p><strong>Ricerca film e movimentazione pellicole \/ <em>Film research and traffic coordinators<\/em><\/strong>:\u00a0Eleonora Bosco, Alessandro Criscitiello, Silvia Fessia, Ivan Chetta, Ornella Lamberti, Isabella Malaguti con l\u2019assistenza di \/ <i>with <\/i>Cl\u00e9mence Ehkirch e Giovanni Picano<br \/>\n<b>Runner: <\/b>Alessandro D\u2019Amico<br \/>\n<strong>Revisione pellicole \/ <em>Prints inspection<\/em><\/strong>: Alfredo Cau, Renato Zorzin<br \/>\n<strong>Archivio film Cineteca di Bologna \/ <em>Cineteca di Bologna film collections<\/em><\/strong>: Andrea Meneghelli, Carmen Accaputo, Claudia Giordani<\/p>\n<p><strong>\u00a0<\/strong><\/p>\n<p><strong>PERSONALE DI SALA \/ <em>THEATRE STAFF <\/em><\/strong><\/p>\n<p><strong>Responsabili di sala \/ <em>Theatre managers<\/em><\/strong>:\u00a0Nicoletta Elmi (coordinamento \/ <i>coordinator<\/i>), Maddalena Bianchi, Sandro Bianchi, Eleonora Bosco, Valentina Ceccarani, Erik Cilia, Aurora Fanetti, Silvia Fessia, Michele Galardini, Margherita Monti, Andrea Pedrazzi, Alessandra Pellegri, Andrea Peraro, Andrea Ponzecchi, Mariapaola Regano, Mattia Ricotta, Carola Visca, Martina Zito, con l\u2019assistenza di \/ <i>with <\/i>Laura Bonfanti, Bianca De Peppe Cocco, Martina Di Francesco, Anna Errico, Chiara Franchin, Samuel Mangoni, Sofia Marino, Edoardo Matacotta, Daria Odija, Daria Ortolani, Nadia Ragusa, Eva Sternai, Arianna Tarditi, Alessia Trinca, Sara Zola<\/p>\n<p><strong>Operatori \/ <em>Projectionists<\/em><\/strong>: Alessandra Beltrame, Stefano Bognar, Daniela Bongiorno, Martina Colorio, Antonino Di Prinzio, Francesco Giannuzzi, Matias Iaccarino, Fabio Marsili, Giovanni Marsili, Eugenio Marzaduri, Valentina Masper, Pietro Plati, Massimiliano Rossi, Cristian Saccoccio, Fabrizio Villa, Alessandro Zanella<\/p>\n<p><strong>Coordinamento volontari \/ <em>Volunteers coordinators<\/em><\/strong>: Bianca Maria Chiarot, Giulia Dal Lago, Nicoletta Elmi, Alice Marzocchi, Marcella Natale, Mattia Ricotta, Mariapaola Regano<br \/>\n<strong>Accoglienza mostre Galleria Modernissimo \/ <em>Galleria Modernissimo exhibitions staff<\/em><\/strong>:\u00a0Silvia Beltrani (coordinamento \/ <i>coordinator<\/i>), Samuele Birmani, Camilla Di Nardo, Ilaria Liko, Daria Luganskaja, Giulia Massaggia, Andrea Pedrazzi, Francesca Toffano<\/p>\n<p><strong>\u00a0<\/strong><\/p>\n<p><strong>TRADUZIONI E SOTTOTITOLI \/ <em>TRANSLATIONS AND SUBTITLING <\/em><\/strong><\/p>\n<p><strong>Traduzioni simultanee \/ <em>Simultaneous interpreters<\/em><\/strong>: Michela Candi, Elisabetta Cova, Elisa Serra, Susanna Soglia, Elena Tomassini, Maura Vecchietti<br \/>\n<strong>Sottotitoli elettronici \/ <em>Electronic subtitling <\/em>Piazza Maggiore, Cinema Modernissimo, Cinema Arlecchino, Cinema Europa, Cinema Jolly<\/strong>: Cristiana Querze\u0301 per SUB-TI Limited (London)<br \/>\n<strong>Auditorium DAMSLab, Cinema Lumie\u0300re, Cinema Jolly, Cinema Europa<\/strong>:\u00a0Silvia Zoppis (coordinamento \/ <i>coordinator<\/i>), Chiara Belluzzi, Mirta Boschetti, Claudia Cecchinato, Valentina Cristiani, Giulia Colelli, Lucia Duri, Eleonora Garolini, Angelo Gallinaro, Anna Grimaldi, Caterina Nanni, Silvia Nicolosi, Cristina Tormen, Lucia Tasini, Alice Santarcangelo, Rachele Massa con l\u2019assistenza di \/ <i>with <\/i>Daniela Gennaro, Ruth Stewart, Lindsay Zanatta<\/p>\n<p><strong>\u00a0<\/strong><\/p>\n<p><strong>ALLESTIMENTI \/ <em>SET-UP <\/em><\/strong><\/p>\n<p><strong>Coordinamento \/ <em>Coordinator<\/em><\/strong>:\u00a0Laura Berrini con l\u2019assistenza di \/ <i>with <\/i>Irene Ballardini, Alessandro Lante<br \/>\n<strong>Supervisione allestimenti e sicurezza \/ <em>Set-up and security supervision<\/em><\/strong>: Alessandro Gasperini<br \/>\n<strong>Responsabile sicurezza \/ <em>Safety manager<\/em><\/strong>: Luca Lenzi Ingegneria per la Sicurezza<br \/>\n<strong>Film\/video Service<\/strong>:\u00a0DCinema di Andrea Piccinelli e Elia Orselli<br \/>\n<strong>Service audio e luci Piazza Maggiore \/ <em>Sound and light service<\/em><\/strong>: BH Audio<br \/>\n<strong>Allestimento schermo \/ <em>Screen set-up<\/em><\/strong>: \u00a0CPI Tagliati<br \/>\n<strong>Allestimenti Piazza Maggiore \/ <em>Set-up<\/em><\/strong>: AMG Show Evolution<br \/>\n<strong>Allestimenti elettrici Piazza Maggiore \/ <em>Electric set-up<\/em><\/strong>: SZ Sound Service<br \/>\n<strong>Service traduzioni simultanee \/ <em>Simultaneous translation service<\/em><\/strong>: Videorent<br \/>\n<strong>Security Piazza Maggiore<\/strong>: Magnum Service<br \/>\n<strong>Assistenza informatica \/ <em>IT support<\/em><\/strong>: Marzia Mancuso<br \/>\n<strong>Catering staff<\/strong>: \u00e8 cucina<\/p>\n<p><strong>\u00a0<\/strong><\/p>\n<p><strong>FUNDRAISING E AMMINISTRAZIONE \/ <em>FUNDRAISING AND ADMINISTRATION <\/em><\/strong><\/p>\n<p><strong>Fundraising<\/strong>: Alice Marzocchi, Sara Rognoni (Cineteca di Bologna) con \/ <em>with <\/em>Paola Abruzzese, Patrizia Semeraro (MEC&amp;Partners)<br \/>\n<strong>Amministrazione \/ <em>Accounting<\/em><\/strong>: Anna Zucchini (responsabile \/ <em>administration manager<\/em>), Susanna Chiarini, Maria Paola Chiaverini, Cristiana Fontanelli, Chiara Iacona, Anna Rita Miserendino<\/p>\n<p><strong>\u00a0<\/strong><\/p>\n<p><b>PROGRAMMI SPECIALI E WORKSHOP \/ <\/b><b><i>SPECIAL PROGRAMMES AND WORKSHOPS<\/i><\/b><\/p>\n<p><b>Il Cinema Ritrovato Kids<\/b>: Narges Bayat, Simone Fratini, Lucia Gavelli, Elisa Giovannelli, Cristina Piccinini, Giuliana Valentini con la collaborazione di \/ <i>with <\/i>Pina Michela Di Palma, Michele Galardini, Ilde Prosperi<\/p>\n<p><b>Il Cinema Ritrovato Young<\/b>: Simone Fratini, Martina Giovannini e la redazione \/ <i>and the editorial staff <\/i>Bruno Anzideo, Adele Arcomanno, Mohamed Amine Chortani, Cecilia Balestrini, Leonardo Berardo, Elisa Boschi, Ginevra Capobianco, Giovanni Cenacchi, Emma Cinti, Martina Civitella, Giada Di Liberto, Enrico Droandi, Bianca Giannini, Lorenzo Giovagnoli, Agata Greco, Nicola Lancellotti, Indro Leoni, Filippo Mortera, Alessandro Olivieri, Salvatore Rauseo, Emma Santini, Martina Scacchetti, Caterina Tagliavini, Arianna Tarditi, Nora Zine<\/p>\n<p><b>Il Cinema Ritrovato Blu-ray &amp; DVD Awards: <\/b>Alessandro Criscitiello con l\u2019assistenza di \/ <i>with <\/i>Glesni Trefor Williams<\/p>\n<p><b>Incontri di restauro \/ <\/b><b><i>Restoration masterclasses<\/i><\/b><b>:<\/b> Gian Luca Farinelli, Davide Pozzi, Elena Tammaccaro con l\u2019assistenza di \/ <i>with <\/i>Charlotte Oddo<br \/>\n<b>Mostra mercato dell\u2019editoria cinematografica \/ <\/b><b><i>Film Book Fair<\/i><\/b><b>:<\/b> Davide Badini, Silvia Beltrani, Alessandro Criscitiello, Anna Fiaccarini, Enrica Fontana, Monia Malaguti, Marco Persico, Sara Rognoni con l\u2019assistenza di \/ <i>with <\/i>Alessandra Concas, Annagrazia Schiavone<\/p>\n<p><b>Corso Comunicare il cinema: la narrazione transmediale del patrimonio cinematografico <\/b>a cura di \/ <i>organised by <\/i>Eva Lorenzoni in collaborazione con <i>\/ with <\/i>Martina Giovannini<br \/>\nStudenti \/ <i>Students<\/i>: Kundry Algoet, Roberta Rossella Bellia, Luca Carani, Emanuele Carelli, Ilaria Di Tullio, Irene Ferrara, Francesco Paolo Francini, Sofia Lollini, Saverio Lunare, Hatixhe Mahmutaj, Mattia Migliarino, Alice Molari, Elena Musolino, Emilio Occhialini, Carolina Piletti, Elia Santospirito, Micol Vignoli, Micol Zhu supervisionati da \/ <i>supervised by <\/i>Marco Di Natale in collaborazione con \/ <i>with<\/i> Matteo Lollini e Glesni Williams<\/p>\n<p><b>Mostre fotografiche \/ <\/b><b><i>Photographic Exhibitions<\/i><\/b><b>:<\/b> Rosaria Gioia<br \/>\n<b>Omaggio a \/ <\/b><b><i>Tribute to Asghar Farhadi<\/i><\/b><b>:<\/b> in collaborazione con \/ <i>in collaboration with <\/i>International Filmmaking Academy, MAST<\/p>\n<p><b>Above and below the line. Il lavoro delle donne nel cinema italiano del dopoguerra\/ Women\u2019s labour in postwar Italian cinema<\/b>. Una produzione\/Produced by AHRC (Arts and Humanities Research Council) e Cineteca di Bologna<\/p>\n<p><b>Pittori di cinema\/Cinema painters.<\/b> Courtesy of SacWebphoto<\/p>\n<p><b>Katharine Hepburn. Femminista, acrobata e amante<\/b>\/<b>Feminist, acrobat and lover.<\/b> Courtesy of BFI, National Film Archive, Cin\u00e9math\u00e8que Royale de Belgique e Cin\u00e9math\u00e8que suisse<\/p>\n<p><b>ACE Workshop:<\/b> How to disseminate heritage cinema in a changing society? Organised by ACE \u2013 Association des Cine\u0301mathe\u0300ques Europe\u0301ennes in partnership with FIAF\u2019s PACC and curated by Chicca Bergonzi and Michal Bregant<\/p>\n<p><b>Europa Cinemas Audience Development &amp; Innovation Lab <\/b>(Seminario di formazione per esercenti europei \/ <i>Training sessions for European exhibitors<\/i>): Condotto da \/ <i>Led by<\/i>: Madeleine Probst (Watershed, UK), Mustafa El Mesaoudi (Cinema &amp; Rex Filmtheater Wuppertal, Germany), Miranda van Gelder (Hoogt on Tour, Utrecht, Netherland)<br \/>\nA cura di \/ <i>Organised by <\/i>Fatima Djoumer (Europa Cinemas), Elisa Giovannelli in collaborazione con \/ <i>with <\/i>Narges Bayat (Cineteca di Bologna), Mathilde Narros (Europa Cinemas), Michele Galardini<\/p>\n<p><b>ECFA Workshop Warehouse: <\/b>A cura di \/ <i>Organised by<\/i> Pantelis Panteloglou, Felix Vanginderhuysen (ECFA \u2013 European Children\u2019s Film Association), Elisa Giovannelli in collaborazione con \/ <i>with <\/i>Michele Galardini, Lucia Gavelli, Claudia Poggi, Giuliana Valentini. Il comitato organizzatore \u00e8 formato anche da \/ <i>The Steering Group also includes<\/i>: Christine Kopf (DFF), Marga Almirall (Drac Magic), Remke Oosterhuis (Taartrovers), Becky Perry, David Simon (Ciclic), Marjo Kovanen (Koulukino)<\/p>\n<p><b>FIAF Cataloguing and Documentation Commission Workshop: <\/b>&#8220;Film-Related Materials in Archives &#8211; From Acquisition to Access&#8221; organised by by Adelheid Heftberger, Anna Fiaccarini, Mats Sk\u00e4rstrand and Murchana Borah with the support of the FIAF Secretariat and the FIAF Training &amp; Outreach Programme<\/p>\n<p><b>Women in Italian Film Production: Industrial Histories and Gendered Labour:<\/b> Research Project supported by AHRC (Arts and Humanities Research Council), promoted by Warwick e Oxford Brookes University. Curated by Stephen Gundle, Michela Zegna in collaboration with Sara Masini<\/p>\n<p>&nbsp;<\/p>\n<p><strong>CATALOGO \/ <em>CATALOGUE <\/em><\/strong><\/p>\n<p><strong>Supervisione \/ <em>Supervised by<\/em><\/strong>: Gian Luca Farinelli, Ehsan Khoshbakht, Mariann Lewinsky, Cecilia Cenciarelli<br \/>\n<strong>Cura editoriale \/ <em>Editors<\/em><\/strong>: Alice Autelitano, Alessandro Cavazza, Gianluca De Santis con l\u2019assistenza di \/ <em>with <\/em>Lorenzo Sascor<br \/>\n<strong>Traduzioni \/ <em>Translations<\/em><\/strong>: Cecilia Cenciarelli, Paola Cristalli, Alex Marlow-Mann, Deborah Nickson, Olivia Pellarin, Alexandra Tatiana Pollard, Eoghan Price, Manuela Vittorelli<br \/>\n<strong>Revisione dei testi in inglese \/ <em>English proofreading<\/em><\/strong>: Pamela Hutchinson, Jo Comino<br \/>\nUn ringraziamento particolare ad Antti Alanen per la selezione e traduzione dei testi di Peter von Bagh \/ <em>Special thanks to Antti Alanen for selecting and translating texts by Peter von Bagh<br \/>\n<\/em><strong>Ricerche immagini \/ <em>Photographic research<\/em><\/strong>: Alessandro Cavazza, Elena Correra, Alessandro Criscitiello, Emiliano Lecce, Giuliana Cerabona<br \/>\n<strong>Grafica e postproduzione immagini \/ <em>Graphic design and photographic postproduction<\/em><\/strong>: Mattia Di Leva, Elena Nannetti, Elia Tiberia<br \/>\n<strong>Tipografia \/ <em>Printed by<\/em><\/strong>: Grafiche Zanini<\/p>\n<p><strong>\u00a0<\/strong><\/p>\n<p><strong>I volontari del Cinema Ritrovato \/ <\/strong><strong><em>Il Cinema Ritrovato volunteers <\/em><\/strong><\/p>\n<p>Anusua Adhikary, Elisabetta Agresti, Martina Ag\u00f9, Sofia Alberghini, Irene Alfuso, Nadia Ali Hossen, Benedetta Aliberti Parrella, Sebastiano Alves, Miriam Aly, Rebecca Ambrosini, Giovanna Anzalone, Luca Aquilotti, Alessandro Arn\u00f2, Vanessa Ascani, Harry Ashley, Lucia Asinari, Milena Pia Auleta, Lucia Aulisa, Alessandro Avallone, Mirco Avezzu, Sara Baldari, Giuseppe Balestra, Barbara Ballarin, Lucia Barra, Salvatore Belardo, Sofia Beltrami, Giovanni Beltramini, Yana Beneva, Valentine Bernasconi, Nicol\u00f2 Berni, Irene Berni, Arianna Besa, Diego Bianchi, Diletta Bigagli, Greta Bigi, Asia Bini, Margherita Biserni, Alice Bivona, Alessandra Blasioli, Matilde Borraccini, Fausto Borsari, Andrea Bosica, Alice Botti, Riccardo Bozzini, Richard Brogarnyk, Federica Brondetta, Giorgia Brunelli, Chiara Bussoleni, Andrea Cacozza, Alice Caiumi, Luca Campagna, Fabrizia Campisano, Gemma Cannav\u00e0, Matilde Canzolino, Alessandro Capecci, Chiara Cappello, Letizia Cardoni, Coulbois Carla, Filippo Carlotti, Claudia Carone, Manuela Carosi, Finn Caruso, Davide Casale, Irene Casini, Anna Cassanelli, Pasquale Castaldo, Matteo Cavagnacchi, Giona Cecchetto, Carlotta Cerri, Andrea Chionna, Francesca Cicale, Marta Cinotti, Maria Cionna, Letizia Cipriani, Isabelle Claude-Abbate, Greta Coccaro, Marina Colucci, Ludovica Columbano, Tamara Conforti, Margherita Conti, Francesca Corallo, Cecilia Cornia, Carla Gabriella Cosentino, Justine Couaillac, Francesca Covarelli, Chiara Crea, Sara Cubadda, Christian D\u2019Errico, Franca Dalla, Sofia Damiani, Francesco Danieli, Maria Adelaide Dassi\u00e8, Gabriella De Bartolomeo, Martina De Marchi, Morgan Del Gratta, Andrea Di Bello, Filippo Di Pierro, Ilenia Diana, Gaia Dionisi, Anna Dipaola, Camilla Donatini, Luna Ebner Muc, Mohsen Ebrahimizadeh Ghahrood, Kalle Lino Peppino Ehrenstein, Samaneh Esmaili, Vito Esposto, Irene Evangelisti, Giuditta Fabiani, Margherita Facchini, Sofia Fazzi, Valeria Ferraresi, Silvia Ferrazzo, Filippo Maria Ferrero, Matteo Ferrero, Alice Fileni, Mattia Fino, Naima Fiorani, Nicole Fiore, Virginia Flamini, Cecilia Foglini, Alessandra Fontanesi, Sabrina Forini, Lorenzo Forma, Giambattista Fornabaio, Mattia Franchi, Martina Franzoni, Francesca Galati, Rachel Ganio Mego, Clara Garagnani, Gonzalo Garma, Federica Gatta, Leonardo Gavina, Manuela Genghi, Adele Gentili, Eleonora Giacobazzi, Chiara Giannantonio, Ariel Gizzi, Bianca Gori, Stefania Greco, Cecilia Grelli, Alessio Gulino, Clara Gutfreund, Linda Jennifer Gutierrez Ferretti, No\u00e9mie Hutman, Francesca Iancale, Karssen Inez, Lara Ioriatti, Vanessa Javaux, Marianne Kamal, Timo Kemp, Kinga Kosinska, Monica Lacanale, Antonella Lacasella, Rosita Lacetra, Joseph Latronche, Matteo Lazzarin, Federica Lecce, Anita Clara Leech, Domenica Lella, Elisabetta Lelli, Giulia Lelli, Vittoria Leone, Matteo Liuzzo, Matilde Liverani, Carlotta Liverani, Cecilia Lo Monaco, Dario Longo, Graziana Lopez, Sara Loriga, Michela Loru, Lorenzo Luccarini, Cl\u00e9mence Luczak, Martina Macchiarella, Maddalena Maggi, Marco Magli, Diego Magro, Lucia Malaguti, Stefania Malpighi, Alessandra Manca, Eleonora Manco, Alessia Mandelli, Tina Manenti, Eleonora Marciani, Alice Marcucci, Gabriele Marinaro, Ludovica Marinelli, Andrea Marino, Alessandra Marongiu, Rossella Marotta, Alessandro Marzo, Egidio Marzullo, Federica Mascarino, Elena Mascioni, Davide Massarenti, Olivia Mastrogiannaki, Valentino Mattei, Asia Matteo, Ad\u00e8le Maury, Alice Mazzini, Alice Mazzini, Federica Melis, Alice Menarini, Chiara Menghini, Elisa Mengoli, Giovanna Mentasti, Gianluca Meotti, Giovanni Minarelli, Claudia Montalbetti, Elisa Mora, Milena Morioni, Agnese Muccioli, Ilenia Muccione, Luigi Muraca, Alberto Musiani, Anna Mussie, Michela Musumeci, Sanam Naderi, Mirea Naldi, Faranak Nateghi, Martina Nestola, Anna Nielsen, Elisa Noussan, Elena Odor, Niccol\u00f2 Odorico, Paolo Ognibene, Greta Oretti, Giorgio Pace, Denise Pagnano, Alice Paladino, Elisabetta Palomba, Giulia Panella, Barbara Parrinello, Cleo Pascarella, Elena Passerini, Angela Pastore, Catalina Pazmino, Cristina Pedersoli, Diana Helena Pelaia, Francesca Perondi, Raffaella Perri, Domenico Perroni, Zo\u00e9 Perrot, Elena Pesaresi, Maria Cristina Pica, Chiara Picardi, Elena Picchietti, Camilla Piersimoni, Aurora Pinotti, Antonella Piredda, Stefania Polizzotto, Emma Poltronieri, Antonio Porpora, Sofia Porta, Lara Potyra, Anna Pretolani, Alessia Previtera, Luca Previtera, Camilla Rambaldi, Manuel Ravaglia, Claudio Renzetti, Martina Resta, P\u00e2ris Richard, Sofia Rigolli, Pietro Riva, Lucia Rodi, Irene Zoe Romani, Emma Romaniello, Alessandro Romano, Alexandra Rongione, Fabio Rosati, Irene Rossi, Tommaso Rossi, Emilia Rozelli, Sara Maria Rozzanigo, Letizia Rucco, Benedetta Sabina, Veronica Sacco, Selena Sala, Lucrezia Saletti, Giuseppe Santamaria, Gabriele Sarcina, Rocco Savino, Carmela Asia Sbaglia, Angela Gaia Scoccimarro, Eleonora Secci, Martina Selleri, Camilla Selvaggio, Arianna Serenari, Gerarda Serritella, Simone Severi, Annalisa Sforzini, Cristina Shyyka, Teresa Sidoti, Valentina Sieli, Alessia Simeone, In\u00eas Sousa Almodovar De Faria, Francesco Spagnol, Martina Spangher, Luca Spica, Vittoria Elisa Stagnati, Martina Stante Mavruli, Aldo Stati, Claudia Stell, Silvia Strambi, Karkyeong Suh, Barbara Szablisty, Maximiliano Andres Tassara Valdivieso, Christiana Theodosiou, Gaia Tinarelli, Lara Tomei Tabach, Edoardo Tosatti, Martina Tozzi, Maeva Tramoni, Lucie Tribout, Benito Troncone, Daniela Sarah Tsoy, Elena Turci, Evelina Caterina Urgolo, Ferao Varallo, Marta Vecchi, Giulio Venturelli, Valentina Venturini, Sara Vivenzio, Laura Viviani, Katerina Vlassi, Aurora Volpato, Paola Zaffiri, Sonia Zanfi, Alessandro Zerbini, Matteo Zerbini, Lucy Zimanglini, Francesco Zitelli, Luigi Zoccali, Giulio Venturelli<\/p>\n","protected":false},"excerpt":{"rendered":"<p>FONDAZIONE CINETECA DI BOLOGNA Presidente \/ President: Marco Bellocchio Consiglio di amministrazione \/ Board of Directors: Davide Conte, Valerio De Paolis, Alina Marazzi, Alice Rohrwacher Direttore \/ Director: Gian Luca Farinelli Vice Direttore \/ Deputy Director: Davide Pietrantoni Fondatori \/ Founders Comune di Bologna (primo Fondatore) Regione Emilia-Romagna Main Sponsor Gruppo Hera \u00a0 IL CINEMA [&hellip;]<\/p>\n","protected":false},"author":2,"featured_media":0,"parent":0,"menu_order":265,"comment_status":"closed","ping_status":"closed","template":"","meta":{"footnotes":""},"class_list":["post-2834","page","type-page","status-publish","hentry"],"acf":[],"_links":{"self":[{"href":"https:\/\/ilcinemaritrovato.it\/en\/wp-json\/wp\/v2\/pages\/2834","targetHints":{"allow":["GET"]}}],"collection":[{"href":"https:\/\/ilcinemaritrovato.it\/en\/wp-json\/wp\/v2\/pages"}],"about":[{"href":"https:\/\/ilcinemaritrovato.it\/en\/wp-json\/wp\/v2\/types\/page"}],"author":[{"embeddable":true,"href":"https:\/\/ilcinemaritrovato.it\/en\/wp-json\/wp\/v2\/users\/2"}],"replies":[{"embeddable":true,"href":"https:\/\/ilcinemaritrovato.it\/en\/wp-json\/wp\/v2\/comments?post=2834"}],"version-history":[{"count":84,"href":"https:\/\/ilcinemaritrovato.it\/en\/wp-json\/wp\/v2\/pages\/2834\/revisions"}],"predecessor-version":[{"id":83047,"href":"https:\/\/ilcinemaritrovato.it\/en\/wp-json\/wp\/v2\/pages\/2834\/revisions\/83047"}],"wp:attachment":[{"href":"https:\/\/ilcinemaritrovato.it\/en\/wp-json\/wp\/v2\/media?parent=2834"}],"curies":[{"name":"wp","href":"https:\/\/api.w.org\/{rel}","templated":true}]}}