{"id":26627,"date":"2017-03-16T17:42:25","date_gmt":"2017-03-16T16:42:25","guid":{"rendered":"http:\/\/ilcinemaritrovato.it\/?page_id=26627"},"modified":"2017-04-03T15:54:10","modified_gmt":"2017-04-03T13:54:10","slug":"dvd-award-i-finalisti2017","status":"publish","type":"page","link":"https:\/\/ilcinemaritrovato.it\/en\/dvd-award-i-finalisti2017\/","title":{"rendered":"Dvd Awards 2017: The finalists"},"content":{"rendered":"<p><\/p>\n<p><!--\n\t\t@page { margin: 2cm }\n\t\tP { margin-bottom: 0.21cm }\n\t\tA:link { so-language: zxx }\n\t--><\/p>\n<p lang=\"en-GB\"><b>DEKALOG<br \/><\/b>(Poland, 1985) by Krzysztof Kie\u015blowski<br \/>Arrow Films (blu-ray + dvd)<\/p>\n<p lang=\"en-GB\"><b>BRING ME THE HEAD OF ALFREDO GARCIA<br \/><\/b>(USA, 1974) by Sam Peckinpah<br \/>Arrow Films (blu-ray)<\/p>\n<p><b>NAPOLEON<br \/><\/b>(France, 1927) by Abel Gance<br \/>BFI (blu-ray)<\/p>\n<p><b>DISSENT &amp; DISRUPTION. ALAN CLARKE AT THE BBC<br \/><\/b>(UK, 1969-1989)<br \/>BFI (blu-ray + dvd)<\/p>\n<p lang=\"en-GB\"><b>COFFRET L&#8217;\u00c2GE D&#8217;OR DU CIN\u00c9MA JAPONAIS<br \/><\/b>(France-Japan, 1939-1964)<br \/>Carlotta Films (dvd)<\/p>\n<p lang=\"en-GB\"><b>AMARCORD<br \/><\/b>(Italy, 1973) by Federico Fellini<br \/>CG Entertainment (blu-ray + dvd)<\/p>\n<p><b>LA VIE EST \u00c0 NOUS, LE TEMPS DES CERISES ET AUTRES FILMS DU FRONT POPULAIRE<br \/><\/b>(France, 1936-1937) by Jean Renoir, Jean-Paul Le Chanois<br \/>Cin\u00e9-Archives (dvd)<\/p>\n<p><b>PRIVATE PROPERTY<br \/><\/b>(USA, 1960) by Leslie Stevens<br \/>Cinelicious Pics<b> <\/b>(blu-ray)<\/p>\n<p lang=\"en-GB\"><b>MARGOT DIAS: FILMES ETNOGR\u00c1FICOS (1958-1961)<br \/><\/b>(Portugal, 1958-1961)<br \/>Cinemateca Portuguesa &#8211; Museu do Cinema \/ Dire\u00e7\u00e3o-Geral do Patrim\u00f3nio Cultural, Museu Nacional de Etnologia (dvd)<\/p>\n<p lang=\"en-GB\"><b>D\u00c9J\u00c0 S&#8217;ENVOLE LA FLEUR MAIGRE<br \/><\/b>(Belgium, 1960) by Paul Meyer<br \/>CINEMATEK (dvd)<\/p>\n<p><b>JACQUELINE VEUVE \u2013 R\u00c9TROSPECTIVE<br \/><\/b>(Swiss, 1966-2010)<br \/>Cin\u00e9math\u00e8que suisse\/Cin&amp;Lettres\/Radio T\u00e9l\u00e9vision Suisse (dvd)<\/p>\n<p><b>CHIMES AT MIDNIGHT<br \/><\/b>(Spain, 1966) by Orson Welles<br \/>Criterion<b> <\/b>(blu-ray)<\/p>\n<p><b>THE KENNEDY FILMS OF ROBERT DREW &amp; ASSOCIATES<br \/><\/b>(USA, 1960-1964) by Robert Drew<br \/>Criterion (blu-ray)<\/p>\n<p><strong>WAJDA<\/strong> <br \/>(Poland, 1954-2013) <br \/>Cyfrowe Repozytorium Filmowe (Digital Film Repository) (dvd)<\/p>\n<p><b>MARTIN SCORSESE PRESENTS: MASTERPIECES OF POLISH CINEMA<br \/><\/b>(Poland, 1958-1988)<br \/>Di Factory (blu-ray)<\/p>\n<p lang=\"en-GB\"><b>RUSHES DE BRUNO MUEL\/AVEC LE SANG DES AUTRES<br \/><\/b>(France, 1974) by Bruno Muel<br \/>Editions Commune (dvd)<\/p>\n<p><b>THE SALVATION HUNTERS<br \/><\/b>(USA, 1925) by Josef von Sternberg<br \/>Edition Filmmuseum (dvd)<\/p>\n<p lang=\"en-GB\"><b>K.u.K. KINOBOX. DIE DONAUMONARCHIE IN ORIGINALEN FILMDOKUMENTEN<br \/><\/b>(varie, 1896-1918)<br \/>Filmarchiv Austria\/Ernst Kieninger,Nikolaus Wostry (dvd)<\/p>\n<p><b>WOMAN ON THE RUN<br \/><\/b>(USA, 1950) by Norman Foster<br \/>Flicker Alley, LLC.\/The Film Noir Foundation (blu-ray + dvd)<\/p>\n<p><strong>OPFERGANG<\/strong> <br \/>(Germany, 1944) by Veit Harlan<br \/>Friedrich-Wilhelm-Murnau-Stiftung\/Concorde Home Entertainment (blu-ray)<\/p>\n<p><strong>IMMENSEE<\/strong> <br \/>(Germany, 1943) by Veit Harlan <br \/>Friedrich-Wilhelm-Murnau-Stiftung\/Concorde Home Entertainment (blu-ray)\u00ec<\/p>\n<p><b>UN CARNET DE BAL<br \/><\/b>(France, 1937) by Julien Duvivier<br \/>Gaumont Vid\u00e9o (dvd\/blu-ray)<\/p>\n<p><b>RENDEZ-VOUS DE JUILLET<br \/><\/b>(France, 1949) by Jaques Becker<br \/>Gaumont Vid\u00e9o (dvd\/blu-ray)<\/p>\n<p lang=\"en-GB\"><b>VINICIUS DE MORAES, UM RAPAZ DE FAM\u00cdLIA<br \/><\/b>(Brazil, 1983) by Susana Moraes<br \/>Instituto Moreira Salles (dvd)<\/p>\n<p lang=\"en-GB\"><b>PIONEERS OF AFRICAN-AMERICAN CINEMA<br \/><\/b>(USA, 1915-1944)<br \/>Kino Lorber (blu-ray)<\/p>\n<p lang=\"en-GB\"><b>COLOUR BOX: 19 FILMS BY LEN LYE<br \/><\/b>(USA-New Zeland, 1929-1980)<br \/>Len Lye Foundation\/Govett-Brewster Art Gallery\/Ng\u0101 Taonga Sound and Vision (dvd)<\/p>\n<p lang=\"en-GB\"><b>TRESORS DU CINEMA YIDDISH<br \/><\/b>(Poland-USA-Germany, 1936-1949)<br \/>Lobster Films (dvd)<\/p>\n<p><b>THE MAGIC BOX: PROJECT SHIRLEY VOLUME 4: THE FILMS OF SHIRLEY CLARKE<br \/><\/b>(USA, 1929-1987)<br \/>Milestone Film &amp; Video (blu-ray + dvd)<\/p>\n<p><b>TONKA \u0160IBENICE<br \/><\/b>(Czech, 1930) by Karel Anton<br \/>N\u00e1rodn\u00ed filmov\u00fd archiv\/Filmexport Home Video (dvd)<\/p>\n<p><b>GOOD AFTERNOON<br \/><\/b>(Australia, 1971) by Phil Noyce<br \/>National Film and Sound Archive of Australia (dvd)<\/p>\n<p lang=\"en-GB\"><b>LE CARROSSE D&#8217;OR<br \/><\/b>(Italy, 1952) by Jean Renoir<br \/>Raro Video (dvd)<\/p>\n<p lang=\"en-GB\"><b>LES SAISONS &#8211; UNE T\u00c9TRALOGIE DE MARCEL HANOUN<br \/><\/b>(France, 1968-1972)<br \/>Re:Voir Video (dvd)<\/p>\n<p><b>PEOPLE OF THE MOUNTAINS<br \/><\/b>(Hungary, 1942) by Istv\u00e1n Sz\u0151ts<br \/>Second Run (dvd)<\/p>\n<p lang=\"en-GB\"><b>ROBERT FRANK: FILM WORKS<br \/><\/b>(USA, 1959-1975)<br \/>Steidl (dvd)<\/p>\n<p><b>THE MAN WHO FELL TO EARTH<br \/><\/b>(England, 1976) by Nicolas Roeg<br \/>Studiocanal (blu-ray + dvd)<\/p>\n<p><\/p>","protected":false},"excerpt":{"rendered":"<p>DEKALOG(Poland, 1985) by Krzysztof Kie\u015blowskiArrow Films (blu-ray + dvd) BRING ME THE HEAD OF ALFREDO GARCIA(USA, 1974) by Sam PeckinpahArrow Films (blu-ray) NAPOLEON(France, 1927) by Abel GanceBFI (blu-ray) DISSENT &amp; DISRUPTION. ALAN CLARKE AT THE BBC(UK, 1969-1989)BFI (blu-ray + dvd) COFFRET L&#8217;\u00c2GE D&#8217;OR DU CIN\u00c9MA JAPONAIS(France-Japan, 1939-1964)Carlotta Films (dvd) AMARCORD(Italy, 1973) by Federico FelliniCG Entertainment [&hellip;]<\/p>\n","protected":false},"author":35,"featured_media":0,"parent":0,"menu_order":236,"comment_status":"closed","ping_status":"closed","template":"","meta":{"footnotes":""},"class_list":["post-26627","page","type-page","status-publish","hentry"],"acf":[],"_links":{"self":[{"href":"https:\/\/ilcinemaritrovato.it\/en\/wp-json\/wp\/v2\/pages\/26627","targetHints":{"allow":["GET"]}}],"collection":[{"href":"https:\/\/ilcinemaritrovato.it\/en\/wp-json\/wp\/v2\/pages"}],"about":[{"href":"https:\/\/ilcinemaritrovato.it\/en\/wp-json\/wp\/v2\/types\/page"}],"author":[{"embeddable":true,"href":"https:\/\/ilcinemaritrovato.it\/en\/wp-json\/wp\/v2\/users\/35"}],"replies":[{"embeddable":true,"href":"https:\/\/ilcinemaritrovato.it\/en\/wp-json\/wp\/v2\/comments?post=26627"}],"version-history":[{"count":8,"href":"https:\/\/ilcinemaritrovato.it\/en\/wp-json\/wp\/v2\/pages\/26627\/revisions"}],"predecessor-version":[{"id":29575,"href":"https:\/\/ilcinemaritrovato.it\/en\/wp-json\/wp\/v2\/pages\/26627\/revisions\/29575"}],"wp:attachment":[{"href":"https:\/\/ilcinemaritrovato.it\/en\/wp-json\/wp\/v2\/media?parent=26627"}],"curies":[{"name":"wp","href":"https:\/\/api.w.org\/{rel}","templated":true}]}}