{"id":2460,"date":"2015-06-24T14:37:29","date_gmt":"2015-06-24T12:37:29","guid":{"rendered":"http:\/\/ilcinemaritrovato.it\/?page_id=2460"},"modified":"2015-10-23T15:07:25","modified_gmt":"2015-10-23T13:07:25","slug":"dvd-awards","status":"publish","type":"page","link":"https:\/\/ilcinemaritrovato.it\/en\/dvd-awards\/","title":{"rendered":"DVD Awards"},"content":{"rendered":"<p><\/p>\n<p>The award aims to encourage and give visibility to quality home entertainment Dvd and Blu-Ray from around the world. The competition is open to Dvd and Blu-Ray released between March 2014 and March 2015 of important films made prior to 1985 (at least thirty years ago) and thus generally in line with the festival\u2019s theme. The awards are divided into five categories: Best Dvd 2014\/2015, Best Blu-Ray 2014\/2015, Best Special Features (bonus), Best Rediscovery of a Forgotten Film, Best Series\/Best Box.<\/p>\n<p>&nbsp;<\/p>\n<p><strong><a href=\"http:\/\/ilcinemaritrovato.it\/en\/giuria-dvd-awards\/\">The jury<\/a><\/strong> (<strong>Lorenzo Codelli<\/strong>, <strong>Alexander Horwath<\/strong>, <strong>Lucien Logette<\/strong>, <strong>Marc McElhatten<\/strong>, <strong>Paolo Mereghetti<\/strong>, <strong>Jonathan Rosenbaum<\/strong>)<\/p>\n<p><a href=\"http:\/\/ilcinemaritrovato.it\/en\/dvd-award-i_finalisti\/\">Finalists<\/a><\/p>\n<p><strong>Palmares 2015<\/strong><\/p>\n<p><b>BEST DVD (THE PETER VON BAGH AWARD)<\/b><\/p>\n<p><a href=\"http:\/\/ilcinemaritrovato.it\/wp-content\/uploads\/sites\/2\/2015\/06\/awards.jpg\" data-rel=\"lightbox-image-0\" data-rl_title=\"\" data-rl_caption=\"\" title=\"\"><img loading=\"lazy\" decoding=\"async\" class=\"size-medium wp-image-4552 aligncenter\" src=\"http:\/\/ilcinemaritrovato.it\/wp-content\/uploads\/sites\/2\/2015\/06\/awards-300x140.jpg\" alt=\"awards\" width=\"300\" height=\"140\" srcset=\"https:\/\/ilcinemaritrovato.it\/wp-content\/uploads\/2015\/06\/awards-300x140.jpg 300w, https:\/\/ilcinemaritrovato.it\/wp-content\/uploads\/2015\/06\/awards-600x279.jpg 600w, https:\/\/ilcinemaritrovato.it\/wp-content\/uploads\/2015\/06\/awards.jpg 773w\" sizes=\"auto, (max-width: 300px) 100vw, 300px\" \/><\/a><\/p>\n<p><b>THE HOUSE OF MYSTERY\/LA MAISON DU MYST\u00c8RE <\/b><\/p>\n<p><b>(France\/ 1921-1923, Alexandre Volkoff), Flicker Alley, LLC and The Blackhawk Films Collection<\/b><\/p>\n<p>THE HOUSE OF MYSTERY, starring the redoubtable Ivan Mosjoukine, is one of the most outstanding film serials of any era&#8211;thrillingly inventive and distinctively different from Feuillade or Gaston Ravel&#8211;and the only serial of the three produced by Albatross known to have survived. Peter von Bagh brought this film to Bologna during his early years as artistic director of Il Cinema Ritrovato, and it remains a shining example of analogic restoration.<\/p>\n<p><b>BEST BLU-RAY<\/b><\/p>\n<p><b>THE CONNECTION: PROJECT SHIRLEY VOL. 1 <\/b><\/p>\n<p><b>(USA\/1961, Shirley Clarke), Milestone Film &amp; Video<\/b><\/p>\n<p><b>PORTRAIT OF JASON: PROJECT SHIRLEY VOL. 2 <\/b><\/p>\n<p><b>(USA\/1967, Shirley Clarke), Milestone Film &amp; Video<\/b><\/p>\n<p><b>ORNETTE: MADE IN AMERICA: PROJECT SHIRLEY VOL. 3<\/b><\/p>\n<p><b>(USA\/1984, Shirley Clarke), Milestone Film &amp; Video<\/b><\/p>\n<p>Milestone\u2019s laudable dedication to preserving and disseminating the work of one of the pioneers of the New American Cinema, the indefatigable Shirley Clarke, is a painstaking labor of love that deserves top recognition. This company is doing something exceptional: restoring each title on film, distributing each title on film, and releasing continuing anthologies of shorts and features digitally.<\/p>\n<p><b>BEST DVD SERIES \/ BEST BOX<\/b><\/p>\n<p><b>CAMERA OBSCURA: THE WALERIAN BOROWCZYK COLLECTION<\/b><\/p>\n<p><b>(Poland-France\/1959-1975), Arrow Films<\/b><\/p>\n<p>An exemplary box set that displays impeccable research and thoroughness. The transfers are fantastic and even the choices made in subtitling are graphically superior compared to most of the releases we have considered. This edition of Arrow Films is a model of generosity, imagination, and intelligence in its groundwork and presentation. A work of art in itself.<\/p>\n<p>\u00a0<b>BEST REDISCOVERY OF A FORGOTTEN FILM (ON DVD)<\/b><\/p>\n<p><b>LES HAUTES SOLITUDES <\/b><\/p>\n<p><b>(France\/1974, Philippe Garrel), RE:VOIR Vid\u00e9o<\/b><\/p>\n<p lang=\"en-GB\">An experimental film, both humane and desperate, LES HAUTES SOLITUDES re-emerges from a forgotten past thanks to the excellent edition of Re-Voir Video. Garrel meets the challenge of filming Jean Seberg without any need for words or a story, thanks to the sweet tenderness of a camera that has managed to explore the face of a very famous actress in the past, and in 1974, at the time of the filming, on the edge of alcoholism and depression. He is able to disclose all her deepest secrets. A bold, must-see film.<\/p>\n<p><b>BL\u00c1ZNOVA KRONIKA\/A JESTER\u2019S TALE <\/b><\/p>\n<p><b>(Czechoslovakia\/1964, Karel Zeman), Second Run DVD<\/b><\/p>\n<p>Karel Zeman is finally back. BL\u00c1ZNOVA KRONIKA is one of his works where all the peculiarities of his style are harmoniously mixed: life and dream, comedy and drama, <i>na\u00efvet\u00e9<\/i> (actual or presumed) and poetry, highlighted by the special effects. This film, unknown for too many years, testifies to the unique personality of one of the most talented Czech filmmaker of the second half of the 1900s.<\/p>\n<p><b>BEST SPECIAL FEATURES<\/b><\/p>\n<p><b>LES BLANK: ALWAYS FOR PLEASURE <\/b><\/p>\n<p><b>(USA\/1968-2005), The Criterion Collection <\/b><\/p>\n<p>Yum, Yum, Yum! It is a real pleasure to enjoy 22 \u201crecipes\u201d, cooked, spiced up, and served by chef-filmmaker Les Blank (1935-2013). An astonishing output produced in total independence from 1968 to 2005, restored in 2K. Blank takes Flaherty-style journeys to Creole and Cajun communities, Texas and New Orleans\u2019 jazz-lands, Flower Power, and beyond. A booklet, interviews, outtakes, and glimpses of unfinished projects bring back to life \u201cthe chronicler of what America is all about at its best,\u201d as his old pal Werner Herzog describes him.<\/p>\n<p><b>SPECIAL MENTION<\/b><\/p>\n<p><b>THE MARCEL PEREZ COLLECTION <\/b><\/p>\n<p><b>(Italia-USA\/1911-1921, Marcel Perez) Undercrank Productions (Dvd)<\/b><\/p>\n<p><b>THE MACK SENNETT COLLECTION. VOLUME ONE <\/b><\/p>\n<p><b>(USA\/1909-1933) Flicker Alley, Keystone Films, LLC; CineMuseum, LLC (Blu-ray)<\/b><\/p>\n<p>\u00a0<strong>PERSONAL CHOICES<\/strong><\/p>\n<p>The jurors would like to stress that none of us is in a position to know all the important DVD and Blu-Ray releases, even though all of us have encountered important examples, some of which were not nominated for awards but deserve in any case to be far better known. So five of us have selected one or more personal favorites that he would like to recommend. (Although Mark McElhatten wasn\u2019t able to attend the festival this year, and decided not offer a personal selection, he was an active member of the jury, and even furnished many of the above notes.)<\/p>\n<p>Lorenzo Codelli: Maclean Rogers\u2019 I\u2019LL WALK BESIDE YOU (UK\/1943) and Carol Reed\u2019s THE STARS LOOK DOWN (UK\/1939), Renown Pictures (both DVDs).<\/p>\n<p>Lucien Logette: LE BONHEUR EST POUR DEMAIN (Les documents cin\u00e9matographiques, on DVD) is a lost film, unseen since 1962, the only feature of Henri Fabiani, a documentarist once known but subsequently forgotten. This is one of the only treatments of the working class in the French cinema of this period, and it implicitly anticipates the social upheavels that would come soon afterwards.<\/p>\n<p>Alexander Horwath: ERSTER WELTKRIEG ARCHIV EDITION.<\/p>\n<p>Dvd 1: DAS ALTE EUROPA AM VORABEND SEINES UNTERGANGS.<\/p>\n<p>Dvd 2: AUFMARSCH DER ARMEEN (1900-1915) Deutsches Filminstitut, Absolut Medien;<\/p>\n<p>LES CROIX DE BOIS (Francia\/1932, Raymond Bernard), Path\u00e9 Distribution;<\/p>\n<p>THE BATTLES OF CORONEL AND FALKLAND ISLANDS (GB\/1927, Walter Summers), BFI<\/p>\n<p>J\u2019ACCUSE (Francia\/1919, Abel Gance), Lobster Films<\/p>\n<p>Paolo Mereghetti: REN\u00c9 VAUTIER EN ALG\u00c9RIE &#8211; \u00c9ditions les Mutins de Pang\u00e9e.<\/p>\n<p>Jonathan Rosenbaum has selected CHARLEY VARRICK\/DER GROSSE COUP, an exceptional German Blu-Ray released by Koch Media GmbH of Don Siegel\u2019s neglected and beautifully structured heist thriller of 1973, with extras that include a remarkably intelligent and detailed making-of documentary by Robert Fischer.<\/p>\n<p><iframe loading=\"lazy\" title=\"Premiazione DVD Awards 2015\" width=\"500\" height=\"281\" src=\"https:\/\/www.youtube.com\/embed\/b7YrjuKy8qo?list=PLx3uAGILdftAgDkjgyYnA-WJGCQqW8sg2\" frameborder=\"0\" allow=\"accelerometer; autoplay; clipboard-write; encrypted-media; gyroscope; picture-in-picture; web-share\" referrerpolicy=\"strict-origin-when-cross-origin\" allowfullscreen><\/iframe><\/p>\n<p><\/p>","protected":false},"excerpt":{"rendered":"<p>The award aims to encourage and give visibility to quality home entertainment Dvd and Blu-Ray from around the world. The competition is open to Dvd and Blu-Ray released between March 2014 and March 2015 of important films made prior to 1985 (at least thirty years ago) and thus generally in line with the festival\u2019s theme. [&hellip;]<\/p>\n","protected":false},"author":1,"featured_media":0,"parent":0,"menu_order":273,"comment_status":"closed","ping_status":"closed","template":"","meta":{"footnotes":""},"class_list":["post-2460","page","type-page","status-publish","hentry"],"acf":[],"_links":{"self":[{"href":"https:\/\/ilcinemaritrovato.it\/en\/wp-json\/wp\/v2\/pages\/2460","targetHints":{"allow":["GET"]}}],"collection":[{"href":"https:\/\/ilcinemaritrovato.it\/en\/wp-json\/wp\/v2\/pages"}],"about":[{"href":"https:\/\/ilcinemaritrovato.it\/en\/wp-json\/wp\/v2\/types\/page"}],"author":[{"embeddable":true,"href":"https:\/\/ilcinemaritrovato.it\/en\/wp-json\/wp\/v2\/users\/1"}],"replies":[{"embeddable":true,"href":"https:\/\/ilcinemaritrovato.it\/en\/wp-json\/wp\/v2\/comments?post=2460"}],"version-history":[{"count":22,"href":"https:\/\/ilcinemaritrovato.it\/en\/wp-json\/wp\/v2\/pages\/2460\/revisions"}],"predecessor-version":[{"id":4560,"href":"https:\/\/ilcinemaritrovato.it\/en\/wp-json\/wp\/v2\/pages\/2460\/revisions\/4560"}],"wp:attachment":[{"href":"https:\/\/ilcinemaritrovato.it\/en\/wp-json\/wp\/v2\/media?parent=2460"}],"curies":[{"name":"wp","href":"https:\/\/api.w.org\/{rel}","templated":true}]}}