{"id":20346,"date":"2016-07-01T18:58:15","date_gmt":"2016-07-01T16:58:15","guid":{"rendered":"http:\/\/ilcinemaritrovato.it\/?page_id=20346"},"modified":"2016-07-04T12:57:20","modified_gmt":"2016-07-04T10:57:20","slug":"il-cinema-ritrovato-dvd-awards-xiii-edizione-i-vincitori","status":"publish","type":"page","link":"https:\/\/ilcinemaritrovato.it\/en\/il-cinema-ritrovato-dvd-awards-xiii-edizione-i-vincitori\/","title":{"rendered":"Il Cinema Ritrovato DVD Awards &#8211; XIII edition. The Winners"},"content":{"rendered":"<p><\/p>\n<p><!--\n\t\t@page { margin: 2cm }\n\t\tP { margin-bottom: 0.21cm }\n\t--><\/p>\n<h3 lang=\"it-IT\"><!--\n\t\t@page { margin: 2cm }\n\t\tP { margin-bottom: 0.21cm }\n\t--><\/h3>\n<p lang=\"en-GB\"><em>Jury<\/em>: Lorenzo Codelli, Alexander Horwath, Lucien Logette, Mark McElhatten, Paolo Mereghetti (chaired by), and Jonathan Rosenbaum. Although Mark McElhatten wasn\u2019t able to attend the festival this year, he has continued to function as a very active member of the jury.<\/p>\n<h3 lang=\"it-IT\">\u00a0<\/h3>\n<h3 lang=\"it-IT\"><b>THE PETER VON BAGH AWARD<\/b><\/h3>\n<p><b><br \/> FREDERICK WISEMAN INT\u00c9GRALE VOL. 1 (U.S.A., 1967-1979) &#8211; BLAQ OUT, DVDs<br \/> <\/b><!--\n\t\t@page { margin: 2cm }\n\t\tP { margin-bottom: 0.21cm }\n\t--> The biggest author of the most beautiful documentaries in the second half of the last century, has personally brought together in this box set, produced in France, the first volume of works chronicling his career. This edition represents a unique occasion to rediscover works, like for example his \u201cdamned\u201d <i>TITICUT FOLLIES<\/i>, an incredible debut that caused immense outrage in America and Europe. The film is followed by twelve Wiseman&#8217;s documentaries, organized chronologically and well-restored. (LC)<\/p>\n<h3 lang=\"it-IT\">\u00a0<\/h3>\n<h3 lang=\"it-IT\">\u00a0<\/h3>\n<h3 lang=\"it-IT\"><b>BEST SPECIAL FEATURES<\/b><\/h3>\n<p lang=\"en-GB\"><b><br \/> NICO PAPATAKIS BOX SET (France, 1963-1992) &#8211; Gaumont Vid\u00e9o, DVD<br \/> <\/b><!--\n\t\t@page { margin: 2cm }\n\t\tP { margin-bottom: 0.21cm }\n\t--> A comprehensive and cogent presentation of a neglected filmmaker from Ethiopia and a singular cultural figure in postwar France who ran an existentialist cabaret, produced major films by Jean Genet and John Cassavetes, gave the German singer Nico her name, and made many striking films over four decades. (JR)<\/p>\n<p lang=\"it-IT\">\u00a0<\/p>\n<p lang=\"it-IT\">\u00a0<\/p>\n<h3 lang=\"it-IT\"><b>BEST DVD SERIES<\/b><\/h3>\n<p lang=\"en-GB\"><b><br \/> COLLECTION 120 ANS N.1 1885-1929 <\/b><b>(France, 1885-1929) &#8211; Gaumont Vid\u00e9o, DVD<br \/> <\/b><!--\n\t\t@page { margin: 2cm }\n\t\tP { margin-bottom: 0.21cm }\n\t--> To celebrate its 120 years of activity in the film industry, Gaumont has published a series of nine beautiful box sets that summarize the whole history of cinema. Divided by decades, the box sets consist of twenty to thirty-five DVDs with the most representative films marked with a daisy symbol. The editions include films made by Alice Guy, Louis Feuillade, Dreville, Duvivier, Gabin, Louis de Fun\u00e8s, Pialat and Deville but also masterpieces made by Losey, Fellini or Bergman that the French company co-produced. Furthermore, each box set includes a DVD with the most famous original soundtracks of the period and a booklet describing the history and the achievements of the production house. (PM)<\/p>\n<h3 lang=\"it-IT\">\u00a0<\/h3>\n<h3 lang=\"it-IT\">\u00a0<\/h3>\n<h3 lang=\"it-IT\"><b>BEST BOX SETS<\/b><\/h3>\n<p><b><br \/> a. THE CARL THEODOR DREYER COLLECTION (Denmark, 1925-1964) &#8211; BFI, Blu-Rays<br \/> <\/b><!--\n\t\t@page { margin: 2cm }\n\t\tP { margin-bottom: 0.21cm }\n\t--> Not the first Dreyer collection to come along, but one that consolidates, expands, and in some ways improves upon some of the scholarly achievements of its predecessors. Included are <i>MASTER OF THE HOUSE<\/i><i> <\/i>(1925), <i>DAY OF WRATH<\/i> (1943), <em>ORDET<\/em> (1955), and <em>GERTRUD<\/em> (1964), the first two presented in alternate versions, and a good many first-rate extras. (JR)<\/p>\n<p><b>b. THE JACQUES RIVETTE COLLECTION (France, 1971-1981) &#8211; Arrow Academy, Blu-Rays &amp; DVDs<br \/> <\/b><!--\n\t\t@page { margin: 2cm }\n\t\tP { margin-bottom: 0.21cm }\n\t--> This box presents a whole subcontinent of cinema: the labyrinthine work of Jacques Rivette in the 1970s. At the center is his 13-hour magnum opus <i>OUT 1<\/i> \u2013 eight feature-length episodes full of conspiracy, blackmail, and the mysteries of theater. The short version, <i>OUT 1: SPECTRE<\/i>, and three additional features (<i>DUELLE<\/i>, <i>NORO\u00eeT<\/i>, <i>MERRY-GO ROUND<\/i>) are also included, as well as a fine book and further bonus materials. For cinephiles, this edition is the \u201cmagical diamond\u201d that the characters in one of Rivette\u2019s films are searching for. (AH)<\/p>\n<h3 lang=\"it-IT\">\u00a0<\/h3>\n<h3 lang=\"it-IT\">\u00a0<\/h3>\n<h3 lang=\"it-IT\"> <b>BEST CONTRIBUTION TO FILM HISTORY \/ BEST REDISCOVERY<\/b><\/h3>\n<p lang=\"en-GB\"><b><br \/> a. UNDERGROUND NEW YORK (Germany, 1968) by Gideon Bachmann &#8211; RE:VOIR Video Paris, DVD<br \/> <\/b><!--\n\t\t@page { margin: 2cm }\n\t\tP { margin-bottom: 0.21cm }\n\t--> An exceptional reportage from the crib of the underground movement, at the peak of its outburst. The young filmmaker Gideon Bachmann, who afterwards wrote the biographies and became a close friend of such auteurs as Federico Fellini and Pier Paolo Pasolini, understood the importance of the fleeting moment during which artists like Jonas Mekas, Andy Warhol, Shirley Clarke and others, were becoming popular. While their friend Michelangelo Antonioni was paying them a visit with a smile on his face, the streets were invaded with violent demonstrations against the War in Vietnam, and cocktail parties were being held at the Museum of Modern Art. (LC)<\/p>\n<p><b>b. LE CHEMIN D\u2019ERNOA, LA FEMME DE NULLE PART, FI\u00c8VRE, L\u2019INONDATION by Louis Delluc (France, 1921-1924) &#8211; Les documents cin\u00e9matographiques, DVDs<br \/> <\/b><!--\n\t\t@page { margin: 2cm }\n\t\tP { margin-bottom: 0.21cm }\n\t--> This remarkable box-set presents almost all of the filmed work, previously unpublished on DVD, of Louis Delluc, who was one of the first film critics and the first French film theorist. His career was too short &#8211; he died at 33, in 1924 &#8211; but here we discover the importance of his films, which equal those of his friends Marcel L&#8217;Herbier, Jean Epstein and Germaine Dulac. (LL)<\/p>\n<p lang=\"en-GB\"><b>c. \u2026 UND DEINE LIEBE AUCH &amp; SONNTAGSFAHRER (Germany, 1962-1963) by Frank Vogel, Gerhard Klein &#8211; Edition Filmmuseum, film&amp;kunst GmbH, DVD<br \/> <\/b><!--\n\t\t@page { margin: 2cm }\n\t\tP { margin-bottom: 0.21cm }\n\t--> Little is known about the East-German cinema and these two films are a real surprise. They are contemporary with the construction of the Berlin Wall in August 1961, and have very cleverly introduced this construction in their scenarios, a drama by Frank Vogel and a sad comedy by Gerhard Klein, without falling into political or patriotic propaganda. The editing is performed with the usual care of editions Filmmuseum Munich. (LL)<\/p>\n<h3 lang=\"it-IT\">\u00a0<\/h3>\n<h3 lang=\"it-IT\">\u00a0<\/h3>\n<h3 lang=\"it-IT\"><b>PERSONAL CHOICES<\/b><\/h3>\n<p lang=\"en-GB\">Note: All of these selections with the exception of Mark McElhatten\u2019s are drawn from the nominated entries.<\/p>\n<p lang=\"en-GB\"><b><br \/>Lorenzo Codelli:<br \/> JORNAL PORTUGU\u00caS: REVISTA MENSAL DE ACTUALIDADES (Portugal, 1938-1951) Ant\u00f3nio Lopes Ribeiro &#8211; Cinemateca Portuguesa &#8211; Museu do Cinema, IP, DVD<br \/> <\/b><!--\n\t\t@page { margin: 2cm }\n\t\tP { margin-bottom: 0.21cm }\n\t--> The Cinemateca Portuguesa restored and took note of a complete collection, of a notorious newsreel made during the dictatorship of Antonio de Oliveira Salazar. A philologically accurate work, an impeccable example of historical research and extremely important for the education of future descendants , this work testifies the atrocities that other countries still wish to keep secret from the eyes of the public.<\/p>\n<p><b><br \/>Alexander Horwath:<br \/> <\/b><!--\n\t\t@page { margin: 2cm }\n\t\tP { margin-bottom: 0.21cm }\n\t--> Ex aequo: in honor of the underappreciated field of audio-visual historiography: the great box set <b>JORNAL PORTUGU\u00c9S: REVISTA MENSAL DE ACTUALIDADES (1938-1951) (Cinemateca Portuguesa, DVDs)<\/b>; and in honor of all the poets who practice an anarchist historiography, Ernest Schmidt Jr.\u2019s<b> <\/b><b>WIENFILM 1896-1976 (Index DVD editions)<\/b>.<\/p>\n<p><b>Lucien Logette:<br \/> SHOOTING STARS (UK, 1928) &#8211; BFI, Blu-Ray &amp; DVD<br \/> <\/b><!--\n\t\t@page { margin: 2cm }\n\t\tP { margin-bottom: 0.21cm }\n\t--> Anthony Asquith began his career with one of the best \u00abmovie-studio\u00bb films of the decade, showing us the process of filming in two instances with constant invention in direction and great boldness in the script that goes beyond the customary happy ending. The copy is superb in reproducing the black and white and grey velvet. This first feature anticipates Asquith\u2019s other silent masterpieces such as <i>UNDERGROUND<\/i> and <i>A COTTAGE ON DARTMOOR<\/i>.<\/p>\n<p><b>Mark McElhatten:<br \/> THE FILMS OF JACK CHAMBERS (1965-70) &#8211; Canadian Filmmakers Distribution Center, three discs, DVD and Blu-Ray editions<br \/> <\/b><!--\n\t\t@page { margin: 2cm }\n\t\tP { margin-bottom: 0.21cm }\n\t--> This overlooked yet essential release from 2015\/16 includes all of the major films of Canadian painter and filmmaker Jack Chambers as well as a fascinating extra. I say this sincerely and without provocation, for myself and for a great many other filmmakers of several generations, Chamber\u2019s <i>HART OF LONDON <\/i>(1968-70) is the most important and beloved film in existence. No other film expresses what it means to live in the domain of time, within history, in the flesh in this realm on earth in such a powerful and unique way. A film of eerie tenderness and the familiar uncanny.<\/p>\n<p><b>Paolo Mereghetti:<br \/> MIKL\u00d3S JANCS\u00d3 COLLECTION (Hungary, 1963-1987) &#8211; Cin\u00e9math\u00e8que Fran\u00e7aise\/Clavis Films, DVDs<br \/> <\/b><!--\n\t\t@page { margin: 2cm }\n\t\tP { margin-bottom: 0.21cm }\n\t--> The edition consists of ten films made by the Hungarian film director in the most prolific period of his career, between the 1960s and 1970s. To such well-remembered features as <i>THE ROUND-UP<\/i>, <i>THE RED AND THE WHITE<\/i>, <i>RED PSALM<\/i>, and <i>SILENCE AND CRY<\/i> are now added six short films never released before, a rich amount of bonus materials with the <i>Cin\u00e9astes de n\u00f4tre temps<\/i> episode directed by Jean-Louis Comolli and a booklet with essays written by Martin Scorsese, Marina Vlady, No\u00ebl Simsolo and Jancs\u00f3 himself.<\/p>\n<p><b>Jonathan Rosenbaum:<br \/> SOMETHING DIFFERENT\/<\/b><b>O n\u0115\u010dem jin\u00e9m &amp; A BAG OF FLEAS\/<\/b><b>Pytel blech<\/b><b> (Czechoslovakia, 1962-1963) &#8211; Second Run Features, DVD<br \/> <\/b><!--\n\t\t@page { margin: 2cm }\n\t\tP { margin-bottom: 0.21cm }\n\t--> V\u011bra Chytilov\u00e1\u2019s groundbreaking and innovative early feature, a daring and exhilarating mix of fiction and non-fiction whose editing principles helped to inspire both versions of Rivette\u2019s OUT 1, is coupled with her earlier documentary <i>A BAG OF FLEAS<\/i>\u2014the fourth invaluable Chytilov\u00e1 release to date from this wonderful label, which has more recently devoted its first Blu-Ray to Pedro Costa\u2019s <i>HORSE MONEY<\/i> in a superb edition. I would also like to cite the controversial but gorgeous and impeccably presented <i>MOANA WITH SOUND<\/i> released on Blu-Ray by Kino Lorber, a beautiful (and, for me, justifiable) way of reviving the Robert Flaherty silent classic.<\/p>\n<p><\/p>","protected":false},"excerpt":{"rendered":"<p>Jury: Lorenzo Codelli, Alexander Horwath, Lucien Logette, Mark McElhatten, Paolo Mereghetti (chaired by), and Jonathan Rosenbaum. Although Mark McElhatten wasn\u2019t able to attend the festival this year, he has continued to function as a very active member of the jury. \u00a0 THE PETER VON BAGH AWARD FREDERICK WISEMAN INT\u00c9GRALE VOL. 1 (U.S.A., 1967-1979) &#8211; BLAQ [&hellip;]<\/p>\n","protected":false},"author":35,"featured_media":20357,"parent":0,"menu_order":238,"comment_status":"closed","ping_status":"closed","template":"","meta":{"footnotes":""},"class_list":["post-20346","page","type-page","status-publish","has-post-thumbnail","hentry"],"acf":[],"_links":{"self":[{"href":"https:\/\/ilcinemaritrovato.it\/en\/wp-json\/wp\/v2\/pages\/20346","targetHints":{"allow":["GET"]}}],"collection":[{"href":"https:\/\/ilcinemaritrovato.it\/en\/wp-json\/wp\/v2\/pages"}],"about":[{"href":"https:\/\/ilcinemaritrovato.it\/en\/wp-json\/wp\/v2\/types\/page"}],"author":[{"embeddable":true,"href":"https:\/\/ilcinemaritrovato.it\/en\/wp-json\/wp\/v2\/users\/35"}],"replies":[{"embeddable":true,"href":"https:\/\/ilcinemaritrovato.it\/en\/wp-json\/wp\/v2\/comments?post=20346"}],"version-history":[{"count":10,"href":"https:\/\/ilcinemaritrovato.it\/en\/wp-json\/wp\/v2\/pages\/20346\/revisions"}],"predecessor-version":[{"id":20582,"href":"https:\/\/ilcinemaritrovato.it\/en\/wp-json\/wp\/v2\/pages\/20346\/revisions\/20582"}],"wp:featuredmedia":[{"embeddable":true,"href":"https:\/\/ilcinemaritrovato.it\/en\/wp-json\/wp\/v2\/media\/20357"}],"wp:attachment":[{"href":"https:\/\/ilcinemaritrovato.it\/en\/wp-json\/wp\/v2\/media?parent=20346"}],"curies":[{"name":"wp","href":"https:\/\/api.w.org\/{rel}","templated":true}]}}